{"id":9272,"date":"2025-02-06T02:14:30","date_gmt":"2025-02-05T23:14:30","guid":{"rendered":"https:\/\/milehold.com\/moje-konto\/"},"modified":"2025-12-14T23:16:13","modified_gmt":"2025-12-14T20:16:13","slug":"moje-konto","status":"publish","type":"page","link":"https:\/\/milehold.com\/pl\/moje-konto\/","title":{"rendered":"Moje konto"},"content":{"rendered":"\t\t<div data-elementor-type=\"wp-page\" data-elementor-id=\"9272\" class=\"elementor elementor-9272 elementor-170\" data-elementor-post-type=\"page\">\n\t\t\t\t<div class=\"elementor-element elementor-element-6d89fd2 e-flex e-con-boxed e-con e-parent\" data-id=\"6d89fd2\" data-element_type=\"container\" data-e-type=\"container\" data-settings=\"{&quot;background_background&quot;:&quot;classic&quot;}\">\n\t\t\t\t\t<div class=\"e-con-inner\">\n\t\t\t\t<div class=\"elementor-element elementor-element-7686999 elementor-icon-list--layout-inline elementor-list-item-link-full_width elementor-widget elementor-widget-icon-list\" data-id=\"7686999\" data-element_type=\"widget\" data-e-type=\"widget\" data-widget_type=\"icon-list.default\">\n\t\t\t\t<div class=\"elementor-widget-container\">\n\t\t\t\t\t\t\t<ul class=\"elementor-icon-list-items elementor-inline-items\">\n\t\t\t\t\t\t\t<li class=\"elementor-icon-list-item elementor-inline-item\">\n\t\t\t\t\t\t\t\t\t\t\t<a href=\"https:\/\/milehold.com\/pl\/\">\n\n\t\t\t\t\t\t\t\t\t\t\t<span class=\"elementor-icon-list-text\">Home<\/span>\n\t\t\t\t\t\t\t\t\t\t\t<\/a>\n\t\t\t\t\t\t\t\t\t<\/li>\n\t\t\t\t\t\t\t\t<li class=\"elementor-icon-list-item elementor-inline-item\">\n\t\t\t\t\t\t\t\t\t\t\t<span class=\"elementor-icon-list-icon\">\n\t\t\t\t\t\t\t<svg aria-hidden=\"true\" class=\"e-font-icon-svg e-fas-angle-double-right\" viewBox=\"0 0 448 512\" xmlns=\"http:\/\/www.w3.org\/2000\/svg\"><path d=\"M224.3 273l-136 136c-9.4 9.4-24.6 9.4-33.9 0l-22.6-22.6c-9.4-9.4-9.4-24.6 0-33.9l96.4-96.4-96.4-96.4c-9.4-9.4-9.4-24.6 0-33.9L54.3 103c9.4-9.4 24.6-9.4 33.9 0l136 136c9.5 9.4 9.5 24.6.1 34zm192-34l-136-136c-9.4-9.4-24.6-9.4-33.9 0l-22.6 22.6c-9.4 9.4-9.4 24.6 0 33.9l96.4 96.4-96.4 96.4c-9.4 9.4-9.4 24.6 0 33.9l22.6 22.6c9.4 9.4 24.6 9.4 33.9 0l136-136c9.4-9.2 9.4-24.4 0-33.8z\"><\/path><\/svg>\t\t\t\t\t\t<\/span>\n\t\t\t\t\t\t\t\t\t\t<span class=\"elementor-icon-list-text\"><\/span>\n\t\t\t\t\t\t\t\t\t<\/li>\n\t\t\t\t\t\t<\/ul>\n\t\t\t\t\t\t<\/div>\n\t\t\t\t<\/div>\n\t\t\t\t\t<\/div>\n\t\t\t\t<\/div>\n\t\t<div class=\"elementor-element elementor-element-7628c23f e-flex e-con-boxed e-con e-parent\" data-id=\"7628c23f\" data-element_type=\"container\" data-e-type=\"container\">\n\t\t\t\t\t<div class=\"e-con-inner\">\n\t\t\t\t<div class=\"elementor-element elementor-element-f415771 elementor-widget elementor-widget-text-editor\" data-id=\"f415771\" data-element_type=\"widget\" data-e-type=\"widget\" data-widget_type=\"text-editor.default\">\n\t\t\t\t<div class=\"elementor-widget-container\">\n\t\t\t\t\t\t\t\t\t<div class=\"woocommerce\"><div class=\"woocommerce-notices-wrapper\"><\/div>\n\n<div class=\"u-columns col2-set\" id=\"customer_login\">\n\n\t<div class=\"u-column1 col-1\">\n\n\n\t\t<h2>Logowanie<\/h2>\n\n\t\t<form class=\"woocommerce-form woocommerce-form-login login\" method=\"post\" novalidate>\n\n\t\t\t\n\t\t\t<p class=\"woocommerce-form-row woocommerce-form-row--wide form-row form-row-wide\">\n\t\t\t\t<label for=\"username\">Nazwa u\u017cytkownika lub adres e-mail&nbsp;<span class=\"required\" aria-hidden=\"true\">*<\/span><span class=\"screen-reader-text\">Wymagane<\/span><\/label>\n\t\t\t\t<input type=\"text\" class=\"woocommerce-Input woocommerce-Input--text input-text\" name=\"username\" id=\"username\" autocomplete=\"username\" value=\"\" required aria-required=\"true\" \/>\t\t\t<\/p>\n\t\t\t<p class=\"woocommerce-form-row woocommerce-form-row--wide form-row form-row-wide\">\n\t\t\t\t<label for=\"password\">Has\u0142o&nbsp;<span class=\"required\" aria-hidden=\"true\">*<\/span><span class=\"screen-reader-text\">Wymagane<\/span><\/label>\n\t\t\t\t<input class=\"woocommerce-Input woocommerce-Input--text input-text\" type=\"password\" name=\"password\" id=\"password\" autocomplete=\"current-password\" required aria-required=\"true\" \/>\n\t\t\t<\/p>\n\n\t\t\t\n\t\t\t<p class=\"form-row\">\n\t\t\t\t<label class=\"woocommerce-form__label woocommerce-form__label-for-checkbox woocommerce-form-login__rememberme\">\n\t\t\t\t\t<input class=\"woocommerce-form__input woocommerce-form__input-checkbox\" name=\"rememberme\" type=\"checkbox\" id=\"rememberme\" value=\"forever\" \/> <span>Zapami\u0119taj mnie<\/span>\n\t\t\t\t<\/label>\n\t\t\t\t<input type=\"hidden\" id=\"woocommerce-login-nonce\" name=\"woocommerce-login-nonce\" value=\"b430c1cf31\" \/><input type=\"hidden\" name=\"_wp_http_referer\" value=\"\/pl\/wp-json\/wp\/v2\/pages\/9272\" \/>\t\t\t\t<button type=\"submit\" class=\"woocommerce-button button woocommerce-form-login__submit\" name=\"login\" value=\"Zaloguj si\u0119\">Zaloguj si\u0119<\/button>\n\t\t\t<\/p>\n\t\t\t<p class=\"woocommerce-LostPassword lost_password\">\n\t\t\t\t<a href=\"https:\/\/milehold.com\/pl\/moje-konto\/lost-password\/\">Nie pami\u0119tasz has\u0142a?<\/a>\n\t\t\t<\/p>\n\n\t\t\t\n\t\t<\/form>\n\n\n\t<\/div>\n\n\t<div class=\"u-column2 col-2\">\n\n\t\t<h2>Zarejestruj si\u0119<\/h2>\n\n\t\t<form method=\"post\" class=\"woocommerce-form woocommerce-form-register register\"  >\n\n\t\t\t\n\t\t\t\n\t\t\t<p class=\"woocommerce-form-row woocommerce-form-row--wide form-row form-row-wide\">\n\t\t\t\t<label for=\"reg_email\">Adres e-mail&nbsp;<span class=\"required\" aria-hidden=\"true\">*<\/span><span class=\"screen-reader-text\">Wymagane<\/span><\/label>\n\t\t\t\t<input type=\"email\" class=\"woocommerce-Input woocommerce-Input--text input-text\" name=\"email\" id=\"reg_email\" autocomplete=\"email\" value=\"\" required aria-required=\"true\" \/>\t\t\t<\/p>\n\n\t\t\t\n\t\t\t\t<p>Na adres e-mail zostanie wys\u0142any odno\u015bnik do ustawienia nowego has\u0142a.<\/p>\n\n\t\t\t\n\t\t\t\t\t<div id=\"cf-turnstile-woo-register-319382949\"\r\n\t\tclass=\"cf-turnstile sct-woocommerce-register\" \t\tdata-sitekey=\"0x4AAAAAACXMdA0FKjGh3p_o\"\r\n\t\tdata-theme=\"light\"\r\n\t\tdata-language=\"auto\"\r\n\t\tdata-size=\"normal\"\r\n\t\tdata-retry=\"auto\" data-retry-interval=\"1000\"\r\n\t\tdata-refresh-expired=\"auto\"\r\n\t\tdata-action=\"woocommerce-register-319382949\"\r\n\t\t\t\tdata-appearance=\"always\"><\/div>\r\n\t\t\t<script>document.addEventListener(\"DOMContentLoaded\", function() { setTimeout(function(){ var e=document.getElementById(\"cf-turnstile-woo-register-319382949\"); e&&!e.innerHTML.trim()&&(turnstile.remove(\"#cf-turnstile-woo-register-319382949\"), turnstile.render(\"#cf-turnstile-woo-register-319382949\", {sitekey:\"0x4AAAAAACXMdA0FKjGh3p_o\"})); }, 100); });<\/script>\r\n\t\t\t<br class=\"cf-turnstile-br cf-turnstile-br-woo-register-319382949\">\r\n\t\t\t\t<style>#cf-turnstile-woo-register-319382949 { margin-left: -15px; }<\/style>\r\n\t\t<wc-order-attribution-inputs><\/wc-order-attribution-inputs><div class=\"woocommerce-privacy-policy-text\"><p>Your personal data will be used to support your experience throughout this website, to manage access to your account, and for other purposes described in our <a href=\"https:\/\/milehold.com\/privacy-policy\/\" class=\"woocommerce-privacy-policy-link\" target=\"_blank\">polityka prywatno\u015bci<\/a>.<\/p>\n<\/div>\n\t\t\t<p class=\"woocommerce-form-row form-row\">\n\t\t\t\t<input type=\"hidden\" id=\"woocommerce-register-nonce\" name=\"woocommerce-register-nonce\" value=\"eb2c2a27a2\" \/><input type=\"hidden\" name=\"_wp_http_referer\" value=\"\/pl\/wp-json\/wp\/v2\/pages\/9272\" \/>\t\t\t\t<button type=\"submit\" class=\"woocommerce-Button woocommerce-button button woocommerce-form-register__submit\" name=\"register\" value=\"Zarejestruj si\u0119\">Zarejestruj si\u0119<\/button>\n\t\t\t<\/p>\n\n\t\t\t\n\t\t<\/form>\n\n\t<\/div>\n\n<\/div>\n\n<\/div>\t\t\t\t\t\t\t\t<\/div>\n\t\t\t\t<\/div>\n\t\t\t\t\t<\/div>\n\t\t\t\t<\/div>\n\t\t\t\t<\/div>\n\t\t","protected":false},"excerpt":{"rendered":"","protected":false},"author":1,"featured_media":0,"parent":0,"menu_order":0,"comment_status":"closed","ping_status":"closed","template":"elementor_header_footer","meta":{"_acf_changed":false,"om_disable_all_campaigns":false,"inline_featured_image":false,"_monsterinsights_skip_tracking":false,"_monsterinsights_sitenote_active":false,"_monsterinsights_sitenote_note":"","_monsterinsights_sitenote_category":0,"_uf_show_specific_survey":0,"_uf_disable_surveys":false,"footnotes":""},"class_list":["post-9272","page","type-page","status-publish","hentry"],"acf":[],"yoast_head":"<!-- This site is optimized with the Yoast SEO plugin v27.4 - https:\/\/yoast.com\/product\/yoast-seo-wordpress\/ -->\n<title>Moje konto | MILEHOLD<\/title>\n<meta name=\"description\" content=\"Moje konto | MILEHOLD\" \/>\n<meta name=\"robots\" content=\"noindex, nofollow\" \/>\n<meta property=\"og:locale\" content=\"pl_PL\" \/>\n<meta property=\"og:type\" content=\"article\" \/>\n<meta property=\"og:title\" content=\"Moje konto | MILEHOLD\" \/>\n<meta property=\"og:description\" content=\"Moje konto | MILEHOLD\" \/>\n<meta property=\"og:url\" content=\"https:\/\/milehold.com\/pl\/moje-konto\/\" \/>\n<meta property=\"og:site_name\" content=\"MILEHOLD\" \/>\n<meta property=\"article:modified_time\" content=\"2025-12-14T20:16:13+00:00\" \/>\n<meta name=\"twitter:card\" content=\"summary_large_image\" \/>\n<script type=\"application\/ld+json\" class=\"yoast-schema-graph\">{\"@context\":\"https:\\\/\\\/schema.org\",\"@graph\":[{\"@type\":\"WebPage\",\"@id\":\"https:\\\/\\\/milehold.com\\\/pl\\\/moje-konto\\\/\",\"url\":\"https:\\\/\\\/milehold.com\\\/pl\\\/moje-konto\\\/\",\"name\":\"Moje konto | MILEHOLD\",\"isPartOf\":{\"@id\":\"https:\\\/\\\/milehold.com\\\/#website\"},\"datePublished\":\"2025-02-05T23:14:30+00:00\",\"dateModified\":\"2025-12-14T20:16:13+00:00\",\"description\":\"Moje konto | MILEHOLD\",\"breadcrumb\":{\"@id\":\"https:\\\/\\\/milehold.com\\\/pl\\\/moje-konto\\\/#breadcrumb\"},\"inLanguage\":\"pl-PL\",\"potentialAction\":[{\"@type\":\"ReadAction\",\"target\":[\"https:\\\/\\\/milehold.com\\\/pl\\\/moje-konto\\\/\"]}]},{\"@type\":\"BreadcrumbList\",\"@id\":\"https:\\\/\\\/milehold.com\\\/pl\\\/moje-konto\\\/#breadcrumb\",\"itemListElement\":[{\"@type\":\"ListItem\",\"position\":1,\"name\":\"Home\",\"item\":\"https:\\\/\\\/milehold.com\\\/\"},{\"@type\":\"ListItem\",\"position\":2,\"name\":\"Moje konto\"}]},{\"@type\":\"WebSite\",\"@id\":\"https:\\\/\\\/milehold.com\\\/#website\",\"url\":\"https:\\\/\\\/milehold.com\\\/\",\"name\":\"MILEHOLD\",\"description\":\"\",\"publisher\":{\"@id\":\"https:\\\/\\\/milehold.com\\\/#organization\"},\"potentialAction\":[{\"@type\":\"SearchAction\",\"target\":{\"@type\":\"EntryPoint\",\"urlTemplate\":\"https:\\\/\\\/milehold.com\\\/?s={search_term_string}\"},\"query-input\":{\"@type\":\"PropertyValueSpecification\",\"valueRequired\":true,\"valueName\":\"search_term_string\"}}],\"inLanguage\":\"pl-PL\"},{\"@type\":\"Organization\",\"@id\":\"https:\\\/\\\/milehold.com\\\/#organization\",\"name\":\"MILEHOLD\",\"url\":\"https:\\\/\\\/milehold.com\\\/\",\"logo\":{\"@type\":\"ImageObject\",\"inLanguage\":\"pl-PL\",\"@id\":\"https:\\\/\\\/milehold.com\\\/#\\\/schema\\\/logo\\\/image\\\/\",\"url\":\"https:\\\/\\\/milehold.com\\\/wp-content\\\/uploads\\\/2025\\\/02\\\/ChatGPT-Image-Oct-26-2025-11_42_50-PM.webp\",\"contentUrl\":\"https:\\\/\\\/milehold.com\\\/wp-content\\\/uploads\\\/2025\\\/02\\\/ChatGPT-Image-Oct-26-2025-11_42_50-PM.webp\",\"width\":1536,\"height\":1024,\"caption\":\"MILEHOLD\"},\"image\":{\"@id\":\"https:\\\/\\\/milehold.com\\\/#\\\/schema\\\/logo\\\/image\\\/\"}}]}<\/script>\n<!-- \/ Yoast SEO plugin. -->","yoast_head_json":{"title":"Moje konto | MILEHOLD","description":"Moje konto | MILEHOLD","robots":{"index":"noindex","follow":"nofollow"},"og_locale":"pl_PL","og_type":"article","og_title":"Moje konto | MILEHOLD","og_description":"Moje konto | MILEHOLD","og_url":"https:\/\/milehold.com\/pl\/moje-konto\/","og_site_name":"MILEHOLD","article_modified_time":"2025-12-14T20:16:13+00:00","twitter_card":"summary_large_image","schema":{"@context":"https:\/\/schema.org","@graph":[{"@type":"WebPage","@id":"https:\/\/milehold.com\/pl\/moje-konto\/","url":"https:\/\/milehold.com\/pl\/moje-konto\/","name":"Moje konto | MILEHOLD","isPartOf":{"@id":"https:\/\/milehold.com\/#website"},"datePublished":"2025-02-05T23:14:30+00:00","dateModified":"2025-12-14T20:16:13+00:00","description":"Moje konto | MILEHOLD","breadcrumb":{"@id":"https:\/\/milehold.com\/pl\/moje-konto\/#breadcrumb"},"inLanguage":"pl-PL","potentialAction":[{"@type":"ReadAction","target":["https:\/\/milehold.com\/pl\/moje-konto\/"]}]},{"@type":"BreadcrumbList","@id":"https:\/\/milehold.com\/pl\/moje-konto\/#breadcrumb","itemListElement":[{"@type":"ListItem","position":1,"name":"Home","item":"https:\/\/milehold.com\/"},{"@type":"ListItem","position":2,"name":"Moje konto"}]},{"@type":"WebSite","@id":"https:\/\/milehold.com\/#website","url":"https:\/\/milehold.com\/","name":"MILEHOLD","description":"","publisher":{"@id":"https:\/\/milehold.com\/#organization"},"potentialAction":[{"@type":"SearchAction","target":{"@type":"EntryPoint","urlTemplate":"https:\/\/milehold.com\/?s={search_term_string}"},"query-input":{"@type":"PropertyValueSpecification","valueRequired":true,"valueName":"search_term_string"}}],"inLanguage":"pl-PL"},{"@type":"Organization","@id":"https:\/\/milehold.com\/#organization","name":"MILEHOLD","url":"https:\/\/milehold.com\/","logo":{"@type":"ImageObject","inLanguage":"pl-PL","@id":"https:\/\/milehold.com\/#\/schema\/logo\/image\/","url":"https:\/\/milehold.com\/wp-content\/uploads\/2025\/02\/ChatGPT-Image-Oct-26-2025-11_42_50-PM.webp","contentUrl":"https:\/\/milehold.com\/wp-content\/uploads\/2025\/02\/ChatGPT-Image-Oct-26-2025-11_42_50-PM.webp","width":1536,"height":1024,"caption":"MILEHOLD"},"image":{"@id":"https:\/\/milehold.com\/#\/schema\/logo\/image\/"}}]}},"_links":{"self":[{"href":"https:\/\/milehold.com\/pl\/wp-json\/wp\/v2\/pages\/9272","targetHints":{"allow":["GET"]}}],"collection":[{"href":"https:\/\/milehold.com\/pl\/wp-json\/wp\/v2\/pages"}],"about":[{"href":"https:\/\/milehold.com\/pl\/wp-json\/wp\/v2\/types\/page"}],"author":[{"embeddable":true,"href":"https:\/\/milehold.com\/pl\/wp-json\/wp\/v2\/users\/1"}],"replies":[{"embeddable":true,"href":"https:\/\/milehold.com\/pl\/wp-json\/wp\/v2\/comments?post=9272"}],"version-history":[{"count":0,"href":"https:\/\/milehold.com\/pl\/wp-json\/wp\/v2\/pages\/9272\/revisions"}],"wp:attachment":[{"href":"https:\/\/milehold.com\/pl\/wp-json\/wp\/v2\/media?parent=9272"}],"curies":[{"name":"wp","href":"https:\/\/api.w.org\/{rel}","templated":true}]}}